{"id":782,"date":"2021-10-04T07:45:15","date_gmt":"2021-10-04T07:45:15","guid":{"rendered":"https:\/\/beqircela.edu.al\/?page_id=782"},"modified":"2021-10-11T17:31:37","modified_gmt":"2021-10-11T17:31:37","slug":"mekanike","status":"publish","type":"page","link":"https:\/\/beqircela.edu.al\/?page_id=782","title":{"rendered":"Mekanik\u00eb"},"content":{"rendered":"<div class=\"vc_row wpb_row vc_row-fluid\"><div class=\"wpb_column vc_column_container vc_col-sm-12\"><div class=\"vc_column-inner\"><div class=\"wpb_wrapper\">\n\t<div class=\"wpb_text_column wpb_content_element \" >\n\t\t<div class=\"wpb_wrapper\">\n\t\t\t\n\t\t<\/div>\n\t<\/div>\n<\/div><\/div><\/div><\/div><div class=\"vc_row wpb_row vc_row-fluid\"><div class=\"wpb_column vc_column_container vc_col-sm-12\"><div class=\"vc_column-inner\"><div class=\"wpb_wrapper\"><div class=\"vc_tta-container\" data-vc-action=\"collapse\"><div class=\"vc_general vc_tta vc_tta-tabs vc_tta-color-mulled-wine vc_tta-style-modern vc_tta-shape-round vc_tta-spacing-2 vc_tta-gap-20 vc_tta-tabs-position-top vc_tta-controls-align-left wpb_animate_when_almost_visible wpb_rotateInDownLeft rotateInDownLeft\"><div class=\"vc_tta-tabs-container\"><ul class=\"vc_tta-tabs-list\"><li class=\"vc_tta-tab vc_active\" data-vc-tab><a href=\"#1633458276832-a9b80347-ef48\" data-vc-tabs data-vc-container=\".vc_tta\"><span class=\"vc_tta-title-text\">RRETH DREJTIMIT<\/span><\/a><\/li><li class=\"vc_tta-tab\" data-vc-tab><a href=\"#1633458276832-d4b06475-4c59\" data-vc-tabs data-vc-container=\".vc_tta\"><span class=\"vc_tta-title-text\">STRUKTURA E DREJTIMIT<\/span><\/a><\/li><li class=\"vc_tta-tab\" data-vc-tab><a href=\"#1633458337995-001a8199-b36e\" data-vc-tabs data-vc-container=\".vc_tta\"><span class=\"vc_tta-title-text\">E ARDHMJA E PROFESIONIT<\/span><\/a><\/li><li class=\"vc_tta-tab\" data-vc-tab><a href=\"#1633458401361-fe7b99ee-a84f\" data-vc-tabs data-vc-container=\".vc_tta\"><span class=\"vc_tta-title-text\">PROFILET E DREJTIMIT<\/span><\/a><\/li><\/ul><\/div><div class=\"vc_tta-panels-container\"><div class=\"vc_tta-panels\"><div class=\"vc_tta-panel vc_active\" id=\"1633458276832-a9b80347-ef48\" data-vc-content=\".vc_tta-panel-body\"><div class=\"vc_tta-panel-heading\"><h4 class=\"vc_tta-panel-title\"><a href=\"#1633458276832-a9b80347-ef48\" data-vc-accordion data-vc-container=\".vc_tta-container\"><span class=\"vc_tta-title-text\">RRETH DREJTIMIT<\/span><\/a><\/h4><\/div><div class=\"vc_tta-panel-body\">\n\t<div class=\"wpb_text_column wpb_content_element \" >\n\t\t<div class=\"wpb_wrapper\">\n\t\t\t<p>Drejtimi \u201cMekanik\u00eb \u201d i jep mund\u00ebsin\u00eb nx\u00ebn\u00ebsve t\u00eb marrin njohurit\u00eb baz\u00eb, aft\u00ebsit\u00eb dhe trajnimet p\u00ebrmes praktikave profesionale n\u00eb biznese q\u00eb i lejojn\u00eb t\u00eb pun\u00ebsohen m\u00eb tej si ndihm\u00ebs, punonj\u00ebs t\u00eb kualifikuar, apo si Teknik\/Menaxher Mekanik. N\u00eb l\u00ebnd\u00ebt profesionale dhe sidomos n\u00eb praktikat profesionale, nx\u00ebn\u00ebsit m\u00ebsojn\u00eb mbi :<\/p>\n<ul>\n<li>Parimet e mekanik\u00ebs<\/li>\n<li>Vizatimin teknik<\/li>\n<li>P\u00ebrgatitjen e postit t\u00eb pun\u00ebs n\u00eb makinat metalpunuese<\/li>\n<li>Punimet e ndryshme n\u00eb makinat metalpunuese<\/li>\n<li>Tornimim, frezimin, rektifikimin, shpimin dhe filetimin e vrimave, alezimin, smerilimi<\/li>\n<li>Materialet e saldimit, tipet e ndryshme t\u00eb plasaritjeve, Metalet jo ferroze<\/li>\n<li>Profilimin metalik, llojet e ndryshme t\u00eb saldimit, makinat e ndryshme t\u00eb prerjes e teknikat e axhustimit, llojet e prerjeve, llojet e saldimit<\/li>\n<li>Diagnostikimin, \u00e7montimin, riparimin dhe montimin<\/li>\n<li>Standartet baz\u00eb ISO 29000<\/li>\n<\/ul>\n<p>P\u00ebrve\u00e7 pjes\u00ebs teknike, nx\u00ebn\u00ebsit m\u00ebsojn\u00eb rreth etik\u00ebs profesionale, komunikimit me klientin si dhe mbi drejtimin e nj\u00eb servisi apo biznesi t\u00eb vog\u00ebl q\u00eb lidhet me sh\u00ebrbimin mekanik.<\/p>\n\n\t\t<\/div>\n\t<\/div>\n<\/div><\/div><div class=\"vc_tta-panel\" id=\"1633458276832-d4b06475-4c59\" data-vc-content=\".vc_tta-panel-body\"><div class=\"vc_tta-panel-heading\"><h4 class=\"vc_tta-panel-title\"><a href=\"#1633458276832-d4b06475-4c59\" data-vc-accordion data-vc-container=\".vc_tta-container\"><span class=\"vc_tta-title-text\">STRUKTURA E DREJTIMIT<\/span><\/a><\/h4><\/div><div class=\"vc_tta-panel-body\">\n\t<div class=\"wpb_text_column wpb_content_element \" >\n\t\t<div class=\"wpb_wrapper\">\n\t\t\t<p>P\u00ebrfundimi me sukses i nivelit t\u00eb par\u00eb (klas\u00ebs s\u00eb 11-t\u00eb) n\u00eb drejtimin \u201cMekanik\u00eb\u201d, e pajis nx\u00ebn\u00ebsin me certifikat\u00ebn e punonj\u00ebsit gjysm\u00eb t\u00eb kualifikuar, \u201cNdihm\u00ebs\/e\u201d.<\/p>\n<p>Pas nivelit t\u00eb par\u00eb, nx\u00ebn\u00ebsi mund t\u00eb vazhdoj\u00eb studimet n\u00eb nivelin e dyt\u00eb (klasa e 12-t\u00eb) n\u00eb nj\u00eb nga profilet e k\u00ebtij drejtimi, ku pajiset me certifikat\u00ebn \u201cPunonj\u00ebs\/e i\/e kualifikuar\u201d.<\/p>\n<p>Nx\u00ebn\u00ebsi mund t\u00eb vazhdoj\u00eb studimet n\u00eb nivelin e tret\u00eb (klasa e 13-t\u00eb), ku pajiset me diplom\u00ebn e matur\u00ebs shtet\u00ebrore profesionale si dhe me certifikat\u00ebn e titullit \u201cTeknik\/e\u201d .<\/p>\n\n\t\t<\/div>\n\t<\/div>\n<\/div><\/div><div class=\"vc_tta-panel\" id=\"1633458337995-001a8199-b36e\" data-vc-content=\".vc_tta-panel-body\"><div class=\"vc_tta-panel-heading\"><h4 class=\"vc_tta-panel-title\"><a href=\"#1633458337995-001a8199-b36e\" data-vc-accordion data-vc-container=\".vc_tta-container\"><span class=\"vc_tta-title-text\">E ARDHMJA E PROFESIONIT<\/span><\/a><\/h4><\/div><div class=\"vc_tta-panel-body\">\n\t<div class=\"wpb_text_column wpb_content_element \" >\n\t\t<div class=\"wpb_wrapper\">\n\t\t\t<p>Mekanik\u00ebt shqyrtojn\u00eb vizatimet teknike ose specifikime t\u00eb holl\u00ebsishme p\u00ebr t\u00eb p\u00ebrcaktuar k\u00ebrkesat e pun\u00ebs, materialet dhe pajisjet, p\u00ebr t\u00eb pregatitur makinat dhe pajisjet e p\u00ebrpunimit t\u00eb metaleve.<\/p>\n<p>Ata diagnostikojn\u00eb, \u00e7montojn\u00eb, riparojn\u00eb e montojn\u00eb pjes\u00eb t\u00eb makinerive t\u00eb ndryshme.<\/p>\n<p>Mekanik\u00ebt p\u00ebrdorin makineri dore apo t\u00eb motorrizuara p\u00ebr t\u00eb prodhuar, p\u00ebrshtatur apo modifikuar pjes\u00eb metalike, vegla t\u00eb ndryshme apo komponenteve t\u00eb tjer\u00eb.<\/p>\n<p>Kontrollojn\u00eb sakt\u00ebsin\u00eb dhe cil\u00ebsin\u00eb e pjes\u00ebve t\u00eb p\u00ebrfunduara, veglave apo komponent\u00ebve t\u00eb tjer\u00eb.<\/p>\n<p>Pun\u00ebdh\u00ebn\u00ebsit e mundsh\u00ebm:<\/p>\n<ul>\n<li>Mekanik\u00ebt gjejn\u00eb pun\u00ebsim gjer\u00ebsisht:<\/li>\n<li>n\u00eb t\u00eb gjitha deg\u00ebt e industris\u00eb s\u00eb r\u00ebnd\u00eb dhe t\u00eb leht\u00eb si teknik mir\u00ebmbajtjeje<\/li>\n<li>n\u00eb industrin\u00eb e nd\u00ebrtimit t\u00eb konstruksioneve metalike<\/li>\n<li>n\u00eb punishte apo reparte t\u00eb riparimeve mekanike<\/li>\n<\/ul>\n<p>&nbsp;<\/p>\n<p>Njohurit\u00eb dhe cil\u00ebsit\u00eb e nevojshme:<\/p>\n<ul>\n<li>Aft\u00ebsi p\u00ebr t\u00eb punuar sakt\u00eb<\/li>\n<li>Aft\u00ebsi t\u00eb mira praktike<\/li>\n<li>Aft\u00ebsi p\u00ebr t\u00eb lexuar vizatimet teknike dhe p\u00ebr t\u00eb ndjekur udh\u00ebzimet<\/li>\n<li>Koordinim i mire i syrit me dor\u00ebn<\/li>\n<li>Njohje e fort\u00ebsive dhe cil\u00ebsive t\u00eb metaleve<\/li>\n<li>Aft\u00ebsi kompjuterike t\u00eb thjeshta<\/li>\n<\/ul>\n<p>.<\/p>\n\n\t\t<\/div>\n\t<\/div>\n<\/div><\/div><div class=\"vc_tta-panel\" id=\"1633458401361-fe7b99ee-a84f\" data-vc-content=\".vc_tta-panel-body\"><div class=\"vc_tta-panel-heading\"><h4 class=\"vc_tta-panel-title\"><a href=\"#1633458401361-fe7b99ee-a84f\" data-vc-accordion data-vc-container=\".vc_tta-container\"><span class=\"vc_tta-title-text\">PROFILET E DREJTIMIT<\/span><\/a><\/h4><\/div><div class=\"vc_tta-panel-body\">\n\t<div class=\"wpb_text_column wpb_content_element \" >\n\t\t<div class=\"wpb_wrapper\">\n\t\t\t<p><strong>Profilet e drejtimit Mekanik\u00eb:<\/strong><\/p>\n<ul>\n<li>Makina metalpunuese<\/li>\n<li>Konstruksione metalike<\/li>\n<li>Mir\u00ebmbajtje dhe riparime mekanike<\/li>\n<\/ul>\n\n\t\t<\/div>\n\t<\/div>\n<\/div><\/div><\/div><\/div><\/div><\/div><\/div><\/div><\/div><\/div><div class=\"vc_row wpb_row vc_row-fluid\"><div class=\"wpb_column vc_column_container vc_col-sm-12\"><div class=\"vc_column-inner\"><div class=\"wpb_wrapper\">\n\t<div class=\"wpb_text_column wpb_content_element \" >\n\t\t<div class=\"wpb_wrapper\">\n\t\t\t\n\t\t<\/div>\n\t<\/div>\n<\/div><\/div><\/div><\/div><div class=\"vc_row wpb_row vc_row-fluid\"><div class=\"wpb_column vc_column_container vc_col-sm-12\"><div class=\"vc_column-inner\"><div class=\"wpb_wrapper\"><div class=\"vc_btn3-container vc_btn3-center\" >\n\t<button style=\"background-color:#00142a; color:#ffffff;\" class=\"vc_general vc_btn3 vc_btn3-size-lg vc_btn3-shape-round vc_btn3-style-custom vc_btn3-block\">PROFILI SHERBIME MAKINA METALPUNUESE<\/button><\/div>\n<\/div><\/div><\/div><\/div><div class=\"vc_row wpb_row vc_row-fluid\"><div class=\"wpb_column vc_column_container vc_col-sm-12\"><div class=\"vc_column-inner\"><div class=\"wpb_wrapper\"><div class=\"vc_tta-container\" data-vc-action=\"collapse\"><div class=\"vc_general vc_tta vc_tta-tabs vc_tta-color-mulled-wine vc_tta-style-modern vc_tta-shape-round vc_tta-spacing-2 vc_tta-gap-20 vc_tta-tabs-position-top vc_tta-controls-align-left\"><div class=\"vc_tta-tabs-container\"><ul class=\"vc_tta-tabs-list\"><li class=\"vc_tta-tab vc_active\" data-vc-tab><a href=\"#1633459484441-97464d47-b1f3\" data-vc-tabs data-vc-container=\".vc_tta\"><span class=\"vc_tta-title-text\">RRETH PROFILIT<\/span><\/a><\/li><li class=\"vc_tta-tab\" data-vc-tab><a href=\"#1633459484441-f207c1b3-98a0\" data-vc-tabs data-vc-container=\".vc_tta\"><span class=\"vc_tta-title-text\">STRUKTURA E PROFILIT<\/span><\/a><\/li><li class=\"vc_tta-tab\" data-vc-tab><a href=\"#1633459484442-b2341ba6-280b\" data-vc-tabs data-vc-container=\".vc_tta\"><span class=\"vc_tta-title-text\">E ARDHMJA E PROFESIONIT<\/span><\/a><\/li><li class=\"vc_tta-tab\" data-vc-tab><a href=\"#1633506755864-d1dc054f-ccd8\" data-vc-tabs data-vc-container=\".vc_tta\"><span class=\"vc_tta-title-text\">SKELETKURRIKULA<\/span><\/a><\/li><\/ul><\/div><div class=\"vc_tta-panels-container\"><div class=\"vc_tta-panels\"><div class=\"vc_tta-panel vc_active\" id=\"1633459484441-97464d47-b1f3\" data-vc-content=\".vc_tta-panel-body\"><div class=\"vc_tta-panel-heading\"><h4 class=\"vc_tta-panel-title\"><a href=\"#1633459484441-97464d47-b1f3\" data-vc-accordion data-vc-container=\".vc_tta-container\"><span class=\"vc_tta-title-text\">RRETH PROFILIT<\/span><\/a><\/h4><\/div><div class=\"vc_tta-panel-body\"><\/div><\/div><div class=\"vc_tta-panel\" id=\"1633459484441-f207c1b3-98a0\" data-vc-content=\".vc_tta-panel-body\"><div class=\"vc_tta-panel-heading\"><h4 class=\"vc_tta-panel-title\"><a href=\"#1633459484441-f207c1b3-98a0\" data-vc-accordion data-vc-container=\".vc_tta-container\"><span class=\"vc_tta-title-text\">STRUKTURA E PROFILIT<\/span><\/a><\/h4><\/div><div class=\"vc_tta-panel-body\"><\/div><\/div><div class=\"vc_tta-panel\" id=\"1633459484442-b2341ba6-280b\" data-vc-content=\".vc_tta-panel-body\"><div class=\"vc_tta-panel-heading\"><h4 class=\"vc_tta-panel-title\"><a href=\"#1633459484442-b2341ba6-280b\" data-vc-accordion data-vc-container=\".vc_tta-container\"><span class=\"vc_tta-title-text\">E ARDHMJA E PROFESIONIT<\/span><\/a><\/h4><\/div><div class=\"vc_tta-panel-body\"><\/div><\/div><div class=\"vc_tta-panel\" id=\"1633506755864-d1dc054f-ccd8\" data-vc-content=\".vc_tta-panel-body\"><div class=\"vc_tta-panel-heading\"><h4 class=\"vc_tta-panel-title\"><a href=\"#1633506755864-d1dc054f-ccd8\" data-vc-accordion data-vc-container=\".vc_tta-container\"><span class=\"vc_tta-title-text\">SKELETKURRIKULA<\/span><\/a><\/h4><\/div><div class=\"vc_tta-panel-body\"><div class=\"vc_btn3-container vc_btn3-center\" >\n\t<a style=\"background-color:#00142a; color:#ffffff;\" class=\"vc_general vc_btn3 vc_btn3-size-lg vc_btn3-shape-round vc_btn3-style-custom vc_btn3-block\" href=\"http:\/\/www.akafp.gov.al\/wp-content\/uploads\/2020\/09\/F1-III-20-SK-Skeletkurrikuli-Makina-metalpunuese.pdf\" title=\"MAKINA METALPUNUESE\" target=\"_blank\">SKELETKURRIKULA MAKINA METALPUNUESE<\/a><\/div>\n<\/div><\/div><\/div><\/div><\/div><\/div><\/div><\/div><\/div><\/div><div class=\"vc_row wpb_row vc_row-fluid\"><div class=\"wpb_column vc_column_container vc_col-sm-12\"><div class=\"vc_column-inner\"><div class=\"wpb_wrapper\"><div class=\"vc_btn3-container vc_btn3-center\" >\n\t<button style=\"background-color:#00142a; color:#ffffff;\" class=\"vc_general vc_btn3 vc_btn3-size-lg vc_btn3-shape-round vc_btn3-style-custom vc_btn3-block\">PROFILI KONSTRUKSIONE METALIKE<\/button><\/div>\n<\/div><\/div><\/div><\/div><div class=\"vc_row wpb_row vc_row-fluid\"><div class=\"wpb_column vc_column_container vc_col-sm-12\"><div class=\"vc_column-inner\"><div class=\"wpb_wrapper\"><div class=\"vc_tta-container\" data-vc-action=\"collapse\"><div class=\"vc_general vc_tta vc_tta-tabs vc_tta-color-mulled-wine vc_tta-style-modern vc_tta-shape-round vc_tta-spacing-2 vc_tta-gap-20 vc_tta-tabs-position-top vc_tta-controls-align-left\"><div class=\"vc_tta-tabs-container\"><ul class=\"vc_tta-tabs-list\"><li class=\"vc_tta-tab vc_active\" data-vc-tab><a href=\"#1633459804208-72a9a581-f04d\" data-vc-tabs data-vc-container=\".vc_tta\"><span class=\"vc_tta-title-text\">RRETH PROFILIT<\/span><\/a><\/li><li class=\"vc_tta-tab\" data-vc-tab><a href=\"#1633459804210-c5ca9b9f-08be\" data-vc-tabs data-vc-container=\".vc_tta\"><span class=\"vc_tta-title-text\">STRUKTURA E PROFILIT<\/span><\/a><\/li><li class=\"vc_tta-tab\" data-vc-tab><a href=\"#1633459804210-8ffcff34-4442\" data-vc-tabs data-vc-container=\".vc_tta\"><span class=\"vc_tta-title-text\">E ARDHMJA E PROFESIONIT<\/span><\/a><\/li><li class=\"vc_tta-tab\" data-vc-tab><a href=\"#1633506532455-ce5ed88a-187e\" data-vc-tabs data-vc-container=\".vc_tta\"><span class=\"vc_tta-title-text\">SKELETKURRIKULA<\/span><\/a><\/li><\/ul><\/div><div class=\"vc_tta-panels-container\"><div class=\"vc_tta-panels\"><div class=\"vc_tta-panel vc_active\" id=\"1633459804208-72a9a581-f04d\" data-vc-content=\".vc_tta-panel-body\"><div class=\"vc_tta-panel-heading\"><h4 class=\"vc_tta-panel-title\"><a href=\"#1633459804208-72a9a581-f04d\" data-vc-accordion data-vc-container=\".vc_tta-container\"><span class=\"vc_tta-title-text\">RRETH PROFILIT<\/span><\/a><\/h4><\/div><div class=\"vc_tta-panel-body\"><\/div><\/div><div class=\"vc_tta-panel\" id=\"1633459804210-c5ca9b9f-08be\" data-vc-content=\".vc_tta-panel-body\"><div class=\"vc_tta-panel-heading\"><h4 class=\"vc_tta-panel-title\"><a href=\"#1633459804210-c5ca9b9f-08be\" data-vc-accordion data-vc-container=\".vc_tta-container\"><span class=\"vc_tta-title-text\">STRUKTURA E PROFILIT<\/span><\/a><\/h4><\/div><div class=\"vc_tta-panel-body\"><\/div><\/div><div class=\"vc_tta-panel\" id=\"1633459804210-8ffcff34-4442\" data-vc-content=\".vc_tta-panel-body\"><div class=\"vc_tta-panel-heading\"><h4 class=\"vc_tta-panel-title\"><a href=\"#1633459804210-8ffcff34-4442\" data-vc-accordion data-vc-container=\".vc_tta-container\"><span class=\"vc_tta-title-text\">E ARDHMJA E PROFESIONIT<\/span><\/a><\/h4><\/div><div class=\"vc_tta-panel-body\"><\/div><\/div><div class=\"vc_tta-panel\" id=\"1633506532455-ce5ed88a-187e\" data-vc-content=\".vc_tta-panel-body\"><div class=\"vc_tta-panel-heading\"><h4 class=\"vc_tta-panel-title\"><a href=\"#1633506532455-ce5ed88a-187e\" data-vc-accordion data-vc-container=\".vc_tta-container\"><span class=\"vc_tta-title-text\">SKELETKURRIKULA<\/span><\/a><\/h4><\/div><div class=\"vc_tta-panel-body\"><div class=\"vc_btn3-container vc_btn3-center\" >\n\t<a style=\"background-color:#00142a; color:#ffffff;\" class=\"vc_general vc_btn3 vc_btn3-size-lg vc_btn3-shape-round vc_btn3-style-custom vc_btn3-block\" href=\"http:\/\/www.akafp.gov.al\/wp-content\/uploads\/2020\/08\/F2-III-20-SK-Konstruksione-metalike.pdf\" title=\"KONSTRUKSIONE METALIKE\" target=\"_blank\">SKELETKURIKULA KONSTRUKSIONE METALIKE<\/a><\/div>\n<\/div><\/div><\/div><\/div><\/div><\/div><\/div><\/div><\/div><\/div><div class=\"vc_row wpb_row vc_row-fluid\"><div class=\"wpb_column vc_column_container vc_col-sm-12\"><div class=\"vc_column-inner\"><div class=\"wpb_wrapper\"><div class=\"vc_btn3-container vc_btn3-center\" >\n\t<button style=\"background-color:#00142a; color:#ffffff;\" class=\"vc_general vc_btn3 vc_btn3-size-lg vc_btn3-shape-round vc_btn3-style-custom vc_btn3-block\">PROFILI MIR\u00cbMBAJTJE DHE RIPARIME MEKANIKE<\/button><\/div>\n<\/div><\/div><\/div><\/div><div class=\"vc_row wpb_row vc_row-fluid\"><div class=\"wpb_column vc_column_container vc_col-sm-12\"><div class=\"vc_column-inner\"><div class=\"wpb_wrapper\"><div class=\"vc_tta-container\" data-vc-action=\"collapse\"><div class=\"vc_general vc_tta vc_tta-tabs vc_tta-color-mulled-wine vc_tta-style-modern vc_tta-shape-round vc_tta-spacing-2 vc_tta-gap-20 vc_tta-tabs-position-top vc_tta-controls-align-left\"><div class=\"vc_tta-tabs-container\"><ul class=\"vc_tta-tabs-list\"><li class=\"vc_tta-tab vc_active\" data-vc-tab><a href=\"#1633459801442-a4e1ac77-e127\" data-vc-tabs data-vc-container=\".vc_tta\"><span class=\"vc_tta-title-text\">RRETH PROFILIT<\/span><\/a><\/li><li class=\"vc_tta-tab\" data-vc-tab><a href=\"#1633459801443-6becaf66-de33\" data-vc-tabs data-vc-container=\".vc_tta\"><span class=\"vc_tta-title-text\">STRUKTURA E PROFILIT<\/span><\/a><\/li><li class=\"vc_tta-tab\" data-vc-tab><a href=\"#1633459801443-4882ed8c-0a1b\" data-vc-tabs data-vc-container=\".vc_tta\"><span class=\"vc_tta-title-text\">E ARDHMJA E PROFESIONIT<\/span><\/a><\/li><li class=\"vc_tta-tab\" data-vc-tab><a href=\"#1633461076863-2739953e-6bb2\" data-vc-tabs data-vc-container=\".vc_tta\"><span class=\"vc_tta-title-text\">SKELETKURRIKULA<\/span><\/a><\/li><\/ul><\/div><div class=\"vc_tta-panels-container\"><div class=\"vc_tta-panels\"><div class=\"vc_tta-panel vc_active\" id=\"1633459801442-a4e1ac77-e127\" data-vc-content=\".vc_tta-panel-body\"><div class=\"vc_tta-panel-heading\"><h4 class=\"vc_tta-panel-title\"><a href=\"#1633459801442-a4e1ac77-e127\" data-vc-accordion data-vc-container=\".vc_tta-container\"><span class=\"vc_tta-title-text\">RRETH PROFILIT<\/span><\/a><\/h4><\/div><div class=\"vc_tta-panel-body\"><\/div><\/div><div class=\"vc_tta-panel\" id=\"1633459801443-6becaf66-de33\" data-vc-content=\".vc_tta-panel-body\"><div class=\"vc_tta-panel-heading\"><h4 class=\"vc_tta-panel-title\"><a href=\"#1633459801443-6becaf66-de33\" data-vc-accordion data-vc-container=\".vc_tta-container\"><span class=\"vc_tta-title-text\">STRUKTURA E PROFILIT<\/span><\/a><\/h4><\/div><div class=\"vc_tta-panel-body\"><\/div><\/div><div class=\"vc_tta-panel\" id=\"1633459801443-4882ed8c-0a1b\" data-vc-content=\".vc_tta-panel-body\"><div class=\"vc_tta-panel-heading\"><h4 class=\"vc_tta-panel-title\"><a href=\"#1633459801443-4882ed8c-0a1b\" data-vc-accordion data-vc-container=\".vc_tta-container\"><span class=\"vc_tta-title-text\">E ARDHMJA E PROFESIONIT<\/span><\/a><\/h4><\/div><div class=\"vc_tta-panel-body\"><\/div><\/div><div class=\"vc_tta-panel\" id=\"1633461076863-2739953e-6bb2\" data-vc-content=\".vc_tta-panel-body\"><div class=\"vc_tta-panel-heading\"><h4 class=\"vc_tta-panel-title\"><a href=\"#1633461076863-2739953e-6bb2\" data-vc-accordion data-vc-container=\".vc_tta-container\"><span class=\"vc_tta-title-text\">SKELETKURRIKULA<\/span><\/a><\/h4><\/div><div class=\"vc_tta-panel-body\"><div class=\"vc_btn3-container vc_btn3-center\" >\n\t<a style=\"background-color:#00142a; color:#ffffff;\" class=\"vc_general vc_btn3 vc_btn3-size-lg vc_btn3-shape-round vc_btn3-style-custom vc_btn3-block\" href=\"http:\/\/www.akafp.gov.al\/wp-content\/uploads\/2020\/08\/F3-III-20-SK-Mirembajtje-e-riparime-mekanike.pdf\" title=\"MIR\u00cbMBAJTJE DHE RIPARIME MEKANIKE\" target=\"_blank\">SKELETKURRIKULA MIR\u00cbMBAJTJE DHE RIPARIME MEKANIKE<\/a><\/div>\n<\/div><\/div><\/div><\/div><\/div><\/div><\/div><\/div><\/div><\/div>\n","protected":false},"excerpt":{"rendered":"RRETH DREJTIMITSTRUKTURA E DREJTIMITE ARDHMJA E PROFESIONITPROFILET E DREJTIMITRRETH DREJTIMIT Drejtimi \u201cMekanik\u00eb \u201d i jep mund\u00ebsin\u00eb nx\u00ebn\u00ebsve t\u00eb marrin njohurit\u00eb baz\u00eb, aft\u00ebsit\u00eb dhe trajnimet p\u00ebrmes [...]","protected":false},"author":1,"featured_media":863,"parent":0,"menu_order":0,"comment_status":"closed","ping_status":"closed","template":"","meta":{"footnotes":""},"class_list":["post-782","page","type-page","status-publish","has-post-thumbnail","hentry"],"_links":{"self":[{"href":"https:\/\/beqircela.edu.al\/index.php?rest_route=\/wp\/v2\/pages\/782","targetHints":{"allow":["GET"]}}],"collection":[{"href":"https:\/\/beqircela.edu.al\/index.php?rest_route=\/wp\/v2\/pages"}],"about":[{"href":"https:\/\/beqircela.edu.al\/index.php?rest_route=\/wp\/v2\/types\/page"}],"author":[{"embeddable":true,"href":"https:\/\/beqircela.edu.al\/index.php?rest_route=\/wp\/v2\/users\/1"}],"replies":[{"embeddable":true,"href":"https:\/\/beqircela.edu.al\/index.php?rest_route=%2Fwp%2Fv2%2Fcomments&post=782"}],"version-history":[{"count":16,"href":"https:\/\/beqircela.edu.al\/index.php?rest_route=\/wp\/v2\/pages\/782\/revisions"}],"predecessor-version":[{"id":891,"href":"https:\/\/beqircela.edu.al\/index.php?rest_route=\/wp\/v2\/pages\/782\/revisions\/891"}],"wp:featuredmedia":[{"embeddable":true,"href":"https:\/\/beqircela.edu.al\/index.php?rest_route=\/wp\/v2\/media\/863"}],"wp:attachment":[{"href":"https:\/\/beqircela.edu.al\/index.php?rest_route=%2Fwp%2Fv2%2Fmedia&parent=782"}],"curies":[{"name":"wp","href":"https:\/\/api.w.org\/{rel}","templated":true}]}}