{"id":26,"date":"2018-08-08T18:11:35","date_gmt":"2018-08-08T18:11:35","guid":{"rendered":"http:\/\/demo.sharkthemes.com\/uni-education\/?page_id=26"},"modified":"2022-04-04T10:07:27","modified_gmt":"2022-04-04T10:07:27","slug":"science","status":"publish","type":"page","link":"https:\/\/beqircela.edu.al\/?page_id=26","title":{"rendered":"Departamenti i Mekanik\u00ebs &#038; Termohidraulik\u00ebs"},"content":{"rendered":"<p>[vc_row][vc_column][vc_column_text]<\/p>\n<h3 style=\"text-align: center;\"><strong>STRUKTURA ORGANIZATIVE E DEPARTAMENTIT T\u00cb MEKANIK\u00cbS &amp; TERMOHIDRAULIK\u00cbS<\/strong><\/h3>\n<p>[\/vc_column_text][\/vc_column][\/vc_row][vc_row][vc_column][vc_btn title=&#8221;MANJOLA SHARKAJ P\u00cbRGJEGJ\u00cbSE E DEPARTAMENTIT &#038; M\u00cbSUESE TEORI PROFESIONALE&#8221; color=&#8221;pink&#8221; size=&#8221;lg&#8221; align=&#8221;center&#8221;][\/vc_column][\/vc_row][vc_row][vc_column][vc_empty_space][\/vc_column][\/vc_row][vc_row][vc_column width=&#8221;1\/3&#8243;][vc_btn title=&#8221;RENATA KOLAJ M\u00cbSUESE TEORI PROFESIONALE&#8221; color=&#8221;mulled-wine&#8221;][\/vc_column][vc_column width=&#8221;1\/3&#8243;][vc_btn title=&#8221;ZINAIDA DEDAJ M\u00cbSUESE TEORI PROFESIONALE&#8221; color=&#8221;mulled-wine&#8221;][\/vc_column][vc_column width=&#8221;1\/3&#8243;][vc_btn title=&#8221;LEFTERI KASMI M\u00cbSUESE TEORI PROFESIONALE&#8221; color=&#8221;mulled-wine&#8221;][\/vc_column][\/vc_row][vc_row][vc_column][vc_empty_space][\/vc_column][\/vc_row][vc_row][vc_column width=&#8221;1\/3&#8243;][vc_btn title=&#8221;EDUART MELE M\u00cbSUES TEORI PROFESIONALE&#8221; color=&#8221;mulled-wine&#8221;][\/vc_column][vc_column width=&#8221;1\/3&#8243;][vc_btn title=&#8221;MAKBULE DERVISHI INSTRUKTORE PRAKTIK\u00cb PROFESIONALE&#8221; color=&#8221;mulled-wine&#8221;][\/vc_column][vc_column width=&#8221;1\/3&#8243;][vc_btn title=&#8221;SPARTAK RIGO INSTRUKTOR PRAKTIK\u00cb PROFESIONALE&#8221; color=&#8221;mulled-wine&#8221;][\/vc_column][\/vc_row][vc_row][vc_column][vc_empty_space][\/vc_column][\/vc_row][vc_row][vc_column width=&#8221;1\/3&#8243;][vc_btn title=&#8221;ILIR KERTUSHA INSTRUKTOR PRAKTIK\u00cb PROFESIONALE&#8221; color=&#8221;mulled-wine&#8221;][\/vc_column][vc_column width=&#8221;1\/3&#8243;][vc_btn title=&#8221;DORIAN MYFTARI INSTRUKTOR PRAKTIK\u00cb PROFESIONALE&#8221; color=&#8221;mulled-wine&#8221;][\/vc_column][vc_column width=&#8221;1\/3&#8243;][vc_btn title=&#8221;ANEO HEBA INSTRUKTOR PRAKTIK\u00cb PROFESIONALE&#8221; color=&#8221;mulled-wine&#8221;][\/vc_column][\/vc_row][vc_row][vc_column][vc_empty_space][\/vc_column][\/vc_row][vc_row][vc_column width=&#8221;1\/3&#8243;][vc_btn title=&#8221;ILIRJAN GAXHOLLI INSTRUKTOR PRAKTIK\u00cb PROFESIONALE&#8221; color=&#8221;mulled-wine&#8221;][\/vc_column][vc_column width=&#8221;1\/3&#8243;][vc_btn title=&#8221;ALBION DAJA INSTRUKTOR PRAKTIK\u00cb PROFESIONALE&#8221; color=&#8221;mulled-wine&#8221;][\/vc_column][\/vc_row][vc_row][vc_column][vc_column_text][\/vc_column_text][\/vc_column][\/vc_row]<\/p>\n<!-- \/wp:post-content -->","protected":false},"excerpt":{"rendered":"<p>[vc_row][vc_column][vc_column_text] STRUKTURA ORGANIZATIVE E DEPARTAMENTIT T\u00cb MEKANIK\u00cbS &amp; TERMOHIDRAULIK\u00cbS [\/vc_column_text][\/vc_column][\/vc_row][vc_row][vc_column][vc_btn title=&#8221;MANJOLA SHARKAJ P\u00cbRGJEGJ\u00cbSE E DEPARTAMENTIT &#038; M\u00cbSUESE TEORI PROFESIONALE&#8221; color=&#8221;pink&#8221; size=&#8221;lg&#8221; align=&#8221;center&#8221;][\/vc_column][\/vc_row][vc_row][vc_column][vc_empty_space][\/vc_column][\/vc_row][vc_row][vc_column width=&#8221;1\/3&#8243;][vc_btn title=&#8221;RENATA KOLAJ [&hellip;]<\/p>\n","protected":false},"author":1,"featured_media":866,"parent":0,"menu_order":0,"comment_status":"closed","ping_status":"closed","template":"","meta":{"footnotes":""},"class_list":["post-26","page","type-page","status-publish","has-post-thumbnail","hentry"],"_links":{"self":[{"href":"https:\/\/beqircela.edu.al\/index.php?rest_route=\/wp\/v2\/pages\/26","targetHints":{"allow":["GET"]}}],"collection":[{"href":"https:\/\/beqircela.edu.al\/index.php?rest_route=\/wp\/v2\/pages"}],"about":[{"href":"https:\/\/beqircela.edu.al\/index.php?rest_route=\/wp\/v2\/types\/page"}],"author":[{"embeddable":true,"href":"https:\/\/beqircela.edu.al\/index.php?rest_route=\/wp\/v2\/users\/1"}],"replies":[{"embeddable":true,"href":"https:\/\/beqircela.edu.al\/index.php?rest_route=%2Fwp%2Fv2%2Fcomments&post=26"}],"version-history":[{"count":5,"href":"https:\/\/beqircela.edu.al\/index.php?rest_route=\/wp\/v2\/pages\/26\/revisions"}],"predecessor-version":[{"id":1311,"href":"https:\/\/beqircela.edu.al\/index.php?rest_route=\/wp\/v2\/pages\/26\/revisions\/1311"}],"wp:featuredmedia":[{"embeddable":true,"href":"https:\/\/beqircela.edu.al\/index.php?rest_route=\/wp\/v2\/media\/866"}],"wp:attachment":[{"href":"https:\/\/beqircela.edu.al\/index.php?rest_route=%2Fwp%2Fv2%2Fmedia&parent=26"}],"curies":[{"name":"wp","href":"https:\/\/api.w.org\/{rel}","templated":true}]}}