{"id":206,"date":"2020-12-31T22:31:46","date_gmt":"2020-12-31T22:31:46","guid":{"rendered":"https:\/\/beqircela.edu.al\/?page_id=206"},"modified":"2023-04-07T08:13:43","modified_gmt":"2023-04-07T08:13:43","slug":"matura","status":"publish","type":"page","link":"https:\/\/beqircela.edu.al\/?page_id=206","title":{"rendered":"MATURA"},"content":{"rendered":"<div class=\"vc_row wpb_row vc_row-fluid\"><div class=\"wpb_column vc_column_container vc_col-sm-12\"><div class=\"vc_column-inner\"><div class=\"wpb_wrapper\">\n\t<div class=\"wpb_text_column wpb_content_element \" >\n\t\t<div class=\"wpb_wrapper\">\n\t\t\t<h2 class=\"vc_custom_heading title1\" style=\"text-align: center;\"><strong><span style=\"color: #ff9900;\">Datat e Provimeve t\u00eb Matur\u00ebs Shtet\u00ebrore 2022-2023<\/span><\/strong><\/h2>\n<div class=\"vc_row wpb_row vc_inner vc_row-fluid vc_row-o-equal-height vc_row-flex\">\n<div class=\"wpb_column vc_column_container vc_col-sm-6\">\n<div class=\"vc_column-inner\">\n<div class=\"wpb_wrapper\">\n<div class=\"wpb_text_column wpb_content_element dir-desc\">\n<h2 class=\"wpb_wrapper\" style=\"text-align: center;\"><\/h2>\n<\/div>\n<\/div>\n<\/div>\n<\/div>\n<\/div>\n\n\t\t<\/div>\n\t<\/div>\n<\/div><\/div><\/div><\/div><div class=\"vc_row wpb_row vc_row-fluid\"><div class=\"wpb_column vc_column_container vc_col-sm-12\"><div class=\"vc_column-inner\"><div class=\"wpb_wrapper\">\n\t<div class=\"wpb_raw_code wpb_content_element wpb_raw_html\" >\n\t\t<div class=\"wpb_wrapper\">\n\t\t\t<div class=\"vc_row wpb_row vc_inner vc_row-fluid vc_row-o-equal-height vc_row-flex\"><div class=\"wpb_column vc_column_container vc_col-sm-6\"><div class=\"vc_column-inner\"><div class=\"wpb_wrapper\">\n<div class=\"wpb_text_column wpb_content_element  dir-desc\">\n<div class=\"wpb_wrapper\">\n<blockquote>\n<p>1. Gjuh\u00eb e Huaj \u2013 01 Qershor 2023<\/p>\n<\/blockquote>\n<blockquote>\n<p>2. Gjuh\u00eb Shqipe \u2013 07 Qershor 2023<\/p>\n<\/blockquote>\n<\/div>\n<\/div>\n<\/div><\/div><\/div><div class=\"wpb_column vc_column_container vc_col-sm-6\"><div class=\"vc_column-inner\"><div class=\"wpb_wrapper\">\n<div class=\"wpb_text_column wpb_content_element  dir-desc\">\n<div class=\"wpb_wrapper\">\n<blockquote>\n<p>3. Matematik\u00eb \u2013 13 Qershor 2023<\/p>\n<\/blockquote>\n<blockquote>\n<p>4. Teoria profesionale e integruar \u2013 19 Qershor 2023<\/p>\n<\/blockquote>\n<\/div>\n<\/div>\n<\/div><\/div><\/div><\/div>\n\t\t<\/div>\n\t<\/div>\n<\/div><\/div><\/div><\/div><div class=\"vc_row wpb_row vc_row-fluid\"><div class=\"wpb_column vc_column_container vc_col-sm-12\"><div class=\"vc_column-inner\"><div class=\"wpb_wrapper\">\n\t<div class=\"wpb_text_column wpb_content_element \" >\n\t\t<div class=\"wpb_wrapper\">\n\t\t\t<h2 style=\"text-align: center;\"><span style=\"color: #ff9900;\"><img loading=\"lazy\" decoding=\"async\" class=\"alignnone size-full wp-image-629\" src=\"https:\/\/beqircela.edu.al\/wp-content\/uploads\/2021\/01\/Group-40.png\" alt=\"\" width=\"89\" height=\"76\" \/><\/span><\/h2>\n<h2 style=\"text-align: center;\"><span style=\"color: #ff9900;\">Programet Orientuese<\/span><\/h2>\n<h4 style=\"text-align: center;\"><a href=\"https:\/\/www.ascap.edu.al\/programet-orientuese-2021-2022\/\"><strong>Kliko p\u00ebr t\u00eb par\u00eb programet orientuese,p\u00ebr L\u00ebnd\u00ebt e P\u00ebrgjithshme.<\/strong><\/a><\/h4>\n<h4 style=\"text-align: center;\"><a href=\"https:\/\/www.akafp.gov.al\/vleresimi-dhe-certifikimi\/programe-orientuese-matura-shteterore-profesionale\/\"><strong>Kliko p\u00ebr t\u00eb par\u00eb programet orientuese,p\u00ebr L\u00ebnd\u00ebt Profesionale.<\/strong><\/a><\/h4>\n\n\t\t<\/div>\n\t<\/div>\n<\/div><\/div><\/div><\/div><div class=\"vc_row wpb_row vc_row-fluid\"><div class=\"wpb_column vc_column_container vc_col-sm-12\"><div class=\"vc_column-inner\"><div class=\"wpb_wrapper\"><\/div><\/div><\/div><\/div>\n","protected":false},"excerpt":{"rendered":"Datat e Provimeve t\u00eb Matur\u00ebs Shtet\u00ebrore 2022-2023 1. Gjuh\u00eb e Huaj \u2013 01 Qershor 2023 2. Gjuh\u00eb Shqipe \u2013 07 Qershor 2023 3. Matematik\u00eb \u2013 [...]","protected":false},"author":1,"featured_media":0,"parent":0,"menu_order":0,"comment_status":"closed","ping_status":"closed","template":"","meta":{"footnotes":""},"class_list":["post-206","page","type-page","status-publish","hentry"],"_links":{"self":[{"href":"https:\/\/beqircela.edu.al\/index.php?rest_route=\/wp\/v2\/pages\/206","targetHints":{"allow":["GET"]}}],"collection":[{"href":"https:\/\/beqircela.edu.al\/index.php?rest_route=\/wp\/v2\/pages"}],"about":[{"href":"https:\/\/beqircela.edu.al\/index.php?rest_route=\/wp\/v2\/types\/page"}],"author":[{"embeddable":true,"href":"https:\/\/beqircela.edu.al\/index.php?rest_route=\/wp\/v2\/users\/1"}],"replies":[{"embeddable":true,"href":"https:\/\/beqircela.edu.al\/index.php?rest_route=%2Fwp%2Fv2%2Fcomments&post=206"}],"version-history":[{"count":14,"href":"https:\/\/beqircela.edu.al\/index.php?rest_route=\/wp\/v2\/pages\/206\/revisions"}],"predecessor-version":[{"id":3378,"href":"https:\/\/beqircela.edu.al\/index.php?rest_route=\/wp\/v2\/pages\/206\/revisions\/3378"}],"wp:attachment":[{"href":"https:\/\/beqircela.edu.al\/index.php?rest_route=%2Fwp%2Fv2%2Fmedia&parent=206"}],"curies":[{"name":"wp","href":"https:\/\/api.w.org\/{rel}","templated":true}]}}