{"id":169,"date":"2020-12-31T22:19:43","date_gmt":"2020-12-31T22:19:43","guid":{"rendered":"https:\/\/beqircela.edu.al\/?page_id=169"},"modified":"2022-04-06T09:46:28","modified_gmt":"2022-04-06T09:46:28","slug":"shkolla-beqir-cela","status":"publish","type":"page","link":"https:\/\/beqircela.edu.al\/?page_id=169","title":{"rendered":"Shkolla &#8220;Beqir \u00c7ela&#8221;"},"content":{"rendered":"<div class=\"vc_row wpb_row vc_row-fluid\"><div class=\"wpb_column vc_column_container vc_col-sm-12\"><div class=\"vc_column-inner\"><div class=\"wpb_wrapper\">\n\t<div class=\"wpb_text_column wpb_content_element \" >\n\t\t<div class=\"wpb_wrapper\">\n\t\t\t<h2 style=\"text-align: center;\"><strong>Historiku i shkoll\u00ebs<\/strong><\/h2>\n<p><strong>Periudha 1961-1993<\/strong><\/p>\n<p>Shkolla e mesme mekanike bujq\u00ebsore \u00ebsht\u00eb e hapur me 1 shtator 1961. Baza e hapjes s\u00eb saj\u00eb me nx\u00ebn\u00ebs t\u00eb ardhur nga Politekniku i Tiran\u00ebs.<\/p>\n<p>Qellimi: P\u00ebr t\u00eb p\u00ebrgatitur mekanizator\u00eb t\u00eb\u00a0 cil\u00ebt do t\u00eb punonin pran\u00eb pikave t\u00eb riparimit\u00a0 t\u00eb mekanik\u00ebs bujq\u00ebsore n\u00eb t\u00eb gjith\u00eb vendin, PeshkimNd\u00ebrtimMekanik i p\u00ebrgjithsh\u00ebmMotorristMekanizator\u00ebDeg\u00ebt e shkoll\u00ebs n\u00eb vite:Drejtori i par\u00eb i shkoll\u00ebs Odise Ne\u00e7o.<\/p>\n<p><strong>Periudha 1994-2001<\/strong><\/p>\n<p>Kompldetimi i reparteve me baz\u00ebn materiale m\u00ebsimore.Mars 1997 &#8211; periudh\u00eb tep\u00ebr e v\u00ebshtir\u00eb p\u00ebr shkoll\u00ebn.<\/p>\n<p>Bashk\u00ebpunimi i shkoll\u00ebs me qeverin\u00eb Zvicerane b\u00ebri q\u00eb shkolla t\u00eb mbijetonte.<\/p>\n<p>Ralph Rothe- Menaxher i projektitm. Ka dh\u00ebn\u00eb\u00a0 nj\u00eb kontribut n\u00eb zhvillimin e shkoll\u00ebs.<\/p>\n<p>Ueli Gasser- punoi me p\u00ebrkushtim p\u00ebr \u00a0strukturimin dhe zhvillimin e shkoll\u00ebs.<\/p>\n<p>Shtator 1964 si rezultat i ndihm\u00ebs \u00eb qeveris\u00eb Zvicerane, n\u00eb ish ambjentet e shkoll\u00ebs s\u00eb mesme Mekanike &#8211; Bujq\u00ebsore hapi dyert Shkolla Profesionale \u201cBeqir \u00c7ela\u201d.Kjo ndihm\u00eb u udh\u00ebhoq dhe u zhvillua\u00a0 nga fondacioni prestigjioz\u00a0 p\u00ebr zhvillim\u00a0 dhe bashk\u00ebpunim teknik SWISSCONTACT<\/p>\n<p><strong>Periudha 2002-n\u00eb vazhdim<\/strong><\/p>\n<p><strong>Bashkim Shk\u00ebmbi<\/strong><\/p>\n<ul>\n<li>Hapja e dy kurseve t\u00eb Post Sekondar-it.Ristrukurimi sipas nj\u00eb koncepti bashk\u00ebkohor i reparteve:<\/li>\n<li>Teknik\u00eb Komandimi dhe Teknik\u00eb Instalimi.<\/li>\n<li>Hapja e deg\u00ebve s\u00eb instaluesit t\u00eb pajisjeve hidrosanitare dhe informatik\u00ebs<\/li>\n<\/ul>\n<p>&nbsp;<\/p>\n<p><strong>Fabian Sara\u00e7i<\/strong><\/p>\n<p>Pjes\u00ebmarrja n\u00eb projektin Regional Suport for\u00a0 Incluse Education in South East-Europe<\/p>\n<p>&nbsp;<\/p>\n<p><strong>Fatmir Merkuri<\/strong><\/p>\n<ul>\n<li>Rivitalizimi i hapsirave t\u00eb jashtme dhe nd\u00ebrtimi i kolektorit t\u00eb ri t\u00eb uj\u00ebsjell\u00ebs kanalizimeve. (2018)<\/li>\n<li>Pajisja e shkoll\u00ebs me 8 laborator\u00eb t\u00eb rinj(Fizik\u00eb, Kimi, Vizatim Teknik, 2 Automekanik\u00eb, Elektroteknik\u00eb, 2 Tik). (2017)<\/li>\n<li>Vendosja e rrjetit te ri OSSHE-s\u00eb.(2018)<\/li>\n<li>Rikonstruksioni i godin\u00ebs aktuale t\u00eb shkoll\u00ebs sipas standarteve Europiane. (2019-2020)<\/li>\n<li>Nd\u00ebrtimi i godin\u00ebs s\u00eb re dhe t\u00eb palestr\u00ebs t\u00eb shkoll\u00ebs.(2017-2019)<\/li>\n<li>Rikonstruktimi i praktikave profesionale p\u00ebr t\u00eb gjitha deg\u00ebt q\u00eb ofron shkolla. (2016-2017)<\/li>\n<\/ul>\n<p>&nbsp;<\/p>\n\n\t\t<\/div>\n\t<\/div>\n<\/div><\/div><\/div><\/div>\n","protected":false},"excerpt":{"rendered":"Historiku i shkoll\u00ebs Periudha 1961-1993 Shkolla e mesme mekanike bujq\u00ebsore \u00ebsht\u00eb e hapur me 1 shtator 1961. Baza e hapjes s\u00eb saj\u00eb me nx\u00ebn\u00ebs t\u00eb [...]","protected":false},"author":1,"featured_media":0,"parent":0,"menu_order":0,"comment_status":"closed","ping_status":"open","template":"","meta":{"footnotes":""},"class_list":["post-169","page","type-page","status-publish","hentry"],"_links":{"self":[{"href":"https:\/\/beqircela.edu.al\/index.php?rest_route=\/wp\/v2\/pages\/169","targetHints":{"allow":["GET"]}}],"collection":[{"href":"https:\/\/beqircela.edu.al\/index.php?rest_route=\/wp\/v2\/pages"}],"about":[{"href":"https:\/\/beqircela.edu.al\/index.php?rest_route=\/wp\/v2\/types\/page"}],"author":[{"embeddable":true,"href":"https:\/\/beqircela.edu.al\/index.php?rest_route=\/wp\/v2\/users\/1"}],"replies":[{"embeddable":true,"href":"https:\/\/beqircela.edu.al\/index.php?rest_route=%2Fwp%2Fv2%2Fcomments&post=169"}],"version-history":[{"count":9,"href":"https:\/\/beqircela.edu.al\/index.php?rest_route=\/wp\/v2\/pages\/169\/revisions"}],"predecessor-version":[{"id":1385,"href":"https:\/\/beqircela.edu.al\/index.php?rest_route=\/wp\/v2\/pages\/169\/revisions\/1385"}],"wp:attachment":[{"href":"https:\/\/beqircela.edu.al\/index.php?rest_route=%2Fwp%2Fv2%2Fmedia&parent=169"}],"curies":[{"name":"wp","href":"https:\/\/api.w.org\/{rel}","templated":true}]}}